{"id":2522,"date":"2021-01-11T08:39:45","date_gmt":"2021-01-11T08:39:45","guid":{"rendered":"http:\/\/optrica.themetechmount.net\/?page_id=2522"},"modified":"2025-09-16T11:52:09","modified_gmt":"2025-09-16T08:52:09","slug":"contact-us","status":"publish","type":"page","link":"https:\/\/www.docdrmuratkanlioz.com\/en\/contact","title":{"rendered":"Contact"},"content":{"rendered":"<p>[vc_row tm_bgimagefixed=&#8221;&#8221; break_in_responsive=&#8221;991&#8243; full_width=&#8221;stretch_row&#8221; css=&#8221;.vc_custom_1663876864033{padding-top: 90px !important;padding-right: 4% !important;padding-bottom: 60px !important;padding-left: 4% !important;}&#8221; tm_responsive_css=&#8221;23044759|colbreak_no|||||||||colbreak_no|||||40px||0px||colbreak_no||||||||||colbreak_no|||||||||&#8221;][vc_column reduce_extra_padding=&#8221;991&#8243; width=&#8221;5\/12&#8243; css=&#8221;.vc_custom_1610778418044{margin-top: -20px !important;padding-right: 50px !important;}&#8221; tm_responsive_css=&#8221;91144693|colbreak_no|||||||||colbreak_no|0px||||||20px||colbreak_no||||||||||colbreak_no|||||||||&#8221;]<div class=\"tm-element-heading-wrapper tm-heading-inner tm-element-align-left tm-seperator-solid tm-heading-style-vertical \"><section class=\"tm-vc_cta3-container\"><div class=\"tm-vc_general tm-vc_cta3 tm-cta3-only tm-vc_cta3-style-classic tm-vc_cta3-shape-rounded tm-vc_cta3-align-left tm-vc_cta3-color-transparent tm-vc_cta3-icon-size-md tm-vc_cta3-actions-no tm-cta3-without-desc\"><div class=\"tm-vc_cta3_content-container\"><div class=\"tm-vc_cta3-content\"><header class=\"tm-vc_cta3-content-header tm-wrap\"><div class=\"tm-vc_cta3-headers tm-wrap-cell\"><h2 class=\"tm-custom-heading \" >Contact Us<\/h2>\n<\/div><div class=\"heading-seperator\"><span><\/span><\/div><\/header><\/div><\/div><\/div><\/section><\/div> <!-- .tm-element-heading-wrapper container --> <div class=\"themetechmount-iconbox themetechmount-iconbox-style14 themetechmount-iconbox-style14 \">\r\n\t<div class=\"themetechmount-iconbox-inner tm-iconstyle-default\">\r\n\t\t<div class=\"tm-iconbox-wrapper tm-wrap\">\r\n\t\t\t<div class=\"themetechmount-iconbox-icon tm-wrap-cell\">\r\n\t\t\t\t<div class=\"tm-box-icon\"><i class=\"kw_optrica flaticon-location\"><\/i><\/div>\t\r\n\t\t\t<\/div>\r\n\t\t\t<div class=\"themetechmount-iconbox-heading tm-wrap-cell\">\r\n\t\t\t\t<div class=\"tm-vc_general tm-vc_cta3 tm-cta3-only tm-vc_cta3-style-classic tm-vc_cta3-shape-rounded tm-vc_cta3-align-left tm-vc_cta3-color-transparent tm-vc_cta3-icon-size-md tm-vc_cta3-actions-no tm-cta3-without-desc\"><div class=\"tm-vc_cta3_content-container\"><div class=\"tm-vc_cta3-content\"><div class=\"tm-vc_cta3-headers tm-wrap-cell\"><h2 class=\"tm-custom-heading \">Address<\/h2>\n<\/div><div class=\"heading-seperator\"><span><\/span><\/div><\/div><\/div><\/div>\t\t\t\r\n\t\t\t<div class=\"tm-iconbox-boxcontent\">\t\t\t\r\n\t\t\t<div class=\"tm-cta3-content-wrapper\">Fener Mahallesi, B\u00fclent Ecevit Bulvar\u0131, Pelin Sitesi, \u00c7\u00f6lo\u011flu Apt. Kat:2, No:36\/4 Lara\/Muratpa\u015fa\/ANTALYA (PK07160)<\/div>\t\t\t\t<div class=\"themetechmount-iconbox-button\">\r\n\t\t\t\t\t\t\t\t\t<\/div>\r\n\t\t\t<\/div>\t\r\n\t\t\t<\/div>\r\n\t\t<\/div>\t\r\n\t<\/div>\t\r\n<\/div>\r\n[vc_separator color=&#8221;custom&#8221; accent_color=&#8221;rgba(0,0,0,0.07)&#8221; css=&#8221;.vc_custom_1610356416831{margin-bottom: 29px !important;}&#8221;]<div class=\"themetechmount-iconbox themetechmount-iconbox-style14 themetechmount-iconbox-style14 vc_custom_1704306146880\">\r\n\t<div class=\"themetechmount-iconbox-inner tm-iconstyle-default\">\r\n\t\t<div class=\"tm-iconbox-wrapper tm-wrap\">\r\n\t\t\t<div class=\"themetechmount-iconbox-icon tm-wrap-cell\">\r\n\t\t\t\t<div class=\"tm-box-icon\"><i class=\"kw_optrica flaticon-phone-call\"><\/i><\/div>\t\r\n\t\t\t<\/div>\r\n\t\t\t<div class=\"themetechmount-iconbox-heading tm-wrap-cell\">\r\n\t\t\t\t<div class=\"tm-vc_general tm-vc_cta3 tm-cta3-only tm-vc_cta3-style-classic tm-vc_cta3-shape-rounded tm-vc_cta3-align-left tm-vc_cta3-color-transparent tm-vc_cta3-icon-size-md tm-vc_cta3-actions-no tm-cta3-without-desc\"><div class=\"tm-vc_cta3_content-container\"><div class=\"tm-vc_cta3-content\"><div class=\"tm-vc_cta3-headers tm-wrap-cell\"><h2 class=\"tm-custom-heading \">Phone<\/h2>\n<\/div><div class=\"heading-seperator\"><span><\/span><\/div><\/div><\/div><\/div>\t\t\t\r\n\t\t\t<div class=\"tm-iconbox-boxcontent\">\t\t\t\r\n\t\t\t<div class=\"tm-cta3-content-wrapper\"><strong>Phone<\/strong> <a href=\"tel:+905322274729\">+90 532 227 4729<\/a><br \/>\n<strong>Whatsapp:<\/strong> <a href=\"https:\/\/api.whatsapp.com\/send\/?phone=905322274729&#038;text=Merhabalar%2C+Web+siteniz+arac%C4%B1l%C4%B1%C4%9F%C4%B1yla+size+ula%C5%9F%C4%B1yorum.+Bilgi+Alabilirmiyim+%3F&#038;type=phone_number&#038;app_absent=0\" target=\"_blank\" rel=\"noopener\">+90 532 227 4729<\/a><\/div>\t\t\t\t<div class=\"themetechmount-iconbox-button\">\r\n\t\t\t\t\t\t\t\t\t<\/div>\r\n\t\t\t<\/div>\t\r\n\t\t\t<\/div>\r\n\t\t<\/div>\t\r\n\t<\/div>\t\r\n<\/div>\r\n[vc_separator color=&#8221;custom&#8221; accent_color=&#8221;rgba(0,0,0,0.07)&#8221; css=&#8221;.vc_custom_1610356416831{margin-bottom: 29px !important;}&#8221;]<div class=\"themetechmount-iconbox themetechmount-iconbox-style14 themetechmount-iconbox-style14 vc_custom_1695808605330\">\r\n\t<div class=\"themetechmount-iconbox-inner tm-iconstyle-default\">\r\n\t\t<div class=\"tm-iconbox-wrapper tm-wrap\">\r\n\t\t\t<div class=\"themetechmount-iconbox-icon tm-wrap-cell\">\r\n\t\t\t\t<div class=\"tm-box-icon\"><i class=\"kw_optrica flaticon-email\"><\/i><\/div>\t\r\n\t\t\t<\/div>\r\n\t\t\t<div class=\"themetechmount-iconbox-heading tm-wrap-cell\">\r\n\t\t\t\t<div class=\"tm-vc_general tm-vc_cta3 tm-cta3-only tm-vc_cta3-style-classic tm-vc_cta3-shape-rounded tm-vc_cta3-align-left tm-vc_cta3-color-transparent tm-vc_cta3-icon-size-md tm-vc_cta3-actions-no tm-cta3-without-desc\"><div class=\"tm-vc_cta3_content-container\"><div class=\"tm-vc_cta3-content\"><div class=\"tm-vc_cta3-headers tm-wrap-cell\"><h2 class=\"tm-custom-heading \">E-mail<\/h2>\n<\/div><div class=\"heading-seperator\"><span><\/span><\/div><\/div><\/div><\/div>\t\t\t\r\n\t\t\t<div class=\"tm-iconbox-boxcontent\">\t\t\t\r\n\t\t\t<div class=\"tm-cta3-content-wrapper\"><a href=\"mailto:info@docdrmuratkanlioz.com\">info@docdrmuratkanlioz.com<\/a><\/div>\t\t\t\t<div class=\"themetechmount-iconbox-button\">\r\n\t\t\t\t\t\t\t\t\t<\/div>\r\n\t\t\t<\/div>\t\r\n\t\t\t<\/div>\r\n\t\t<\/div>\t\r\n\t<\/div>\t\r\n<\/div>\r\n[vc_separator color=&#8221;custom&#8221; accent_color=&#8221;rgba(0,0,0,0.07)&#8221; css=&#8221;.vc_custom_1610356416831{margin-bottom: 29px !important;}&#8221;]<div class=\"themetechmount-socialbox-wrapper tm-socialbox-icon-size-small tm-socialbox-column-three  tm-heading-with-separator\"><div class=\"tm-socialbox-links-wrapper row multi-columns-row\"><div class=\"tm-socialbox-i-wrapper col-md-4 col-lg-4 col-xs-12\"><a class=\"tm-socialbox-icon-link tm-socialbox-icon-link-instagram\" target=\"_blank\" href=\"https:\/\/www.instagram.com\/docdrmuratkanlioz\/\" data-tooltip=\"Instagram\" rel=\"noopener\"><i class=\"tm-optrica-icon-instagram\"><\/i><span class=\"tm-link\">instagram<\/span><\/a><\/div><div class=\"tm-socialbox-i-wrapper col-md-4 col-lg-4 col-xs-12\"><a class=\"tm-socialbox-icon-link tm-socialbox-icon-link-youtube\" target=\"_blank\" href=\"https:\/\/www.youtube.com\/@docdrmuratkanloz9850\/videos\" data-tooltip=\"YouTube\" rel=\"noopener\"><i class=\"tm-optrica-icon-youtube\"><\/i><span class=\"tm-link\">youtube<\/span><\/a><\/div><div class=\"tm-socialbox-i-wrapper col-md-4 col-lg-4 col-xs-12\"><a class=\"tm-socialbox-icon-link tm-socialbox-icon-link-facebook\" target=\"_blank\" href=\"https:\/\/www.facebook.com\/DocDrMuratKanlioz\/\" data-tooltip=\"Facebook\" rel=\"noopener\"><i class=\"tm-optrica-icon-facebook\"><\/i><span class=\"tm-link\">facebook<\/span><\/a><\/div><\/div><!-- .tm-socialbox-links-wrapper -->  <\/div>[vc_row_inner disable_element=&#8221;yes&#8221;][vc_column_inner reduce_extra_padding=&#8221;991&#8243; css=&#8221;.vc_custom_1610356905326{padding-left: 95px !important;}&#8221;][\/vc_column_inner][\/vc_row_inner][\/vc_column][vc_column reduce_extra_padding=&#8221;991&#8243; width=&#8221;7\/12&#8243; css=&#8221;.vc_custom_1667842845390{padding-top: 45px !important;padding-right: 50px !important;padding-bottom: 50px !important;padding-left: 50px !important;background-color: #f6f6f6 !important;border-radius: 10px !important;}&#8221;]<h2 style=\"text-align:center;font-size:26px;line-height:28px;\" class=\"tm-custom-heading \" >Contact Form<\/h2>\n[vc_column_text]<\/p>\n<p style=\"text-align: center;\"><em>Ask <\/em>Assoc. Prof. Dr. Murat KANLI\u00d6Z answers your questions.<\/p>\n<p>[\/vc_column_text]\n<div class=\"wpcf7 no-js\" id=\"wpcf7-f85-o1\" lang=\"en-US\" dir=\"ltr\" data-wpcf7-id=\"85\">\n<div class=\"screen-reader-response\"><p role=\"status\" aria-live=\"polite\" aria-atomic=\"true\"><\/p> <ul><\/ul><\/div>\n<form action=\"\/en\/wp-json\/wp\/v2\/pages\/2522#wpcf7-f85-o1\" method=\"post\" class=\"wpcf7-form init\" aria-label=\"Contact form\" novalidate=\"novalidate\" data-status=\"init\">\n<div style=\"display: none;\">\n<input type=\"hidden\" name=\"_wpcf7\" value=\"85\" \/>\n<input type=\"hidden\" name=\"_wpcf7_version\" value=\"6.0.5\" \/>\n<input type=\"hidden\" name=\"_wpcf7_locale\" value=\"en_US\" \/>\n<input type=\"hidden\" name=\"_wpcf7_unit_tag\" value=\"wpcf7-f85-o1\" \/>\n<input type=\"hidden\" name=\"_wpcf7_container_post\" value=\"0\" \/>\n<input type=\"hidden\" name=\"_wpcf7_posted_data_hash\" value=\"\" \/>\n<input type=\"hidden\" name=\"_wpcf7_recaptcha_response\" value=\"\" \/>\n<\/div>\n<div class=\"tm-commonform optrica-appointment-form\">\n\t<div class=\"row\">\n\t\t<div class=\"col-md-12\">\n\t\t\t<p><i class=\"ti-user\"><\/i><span class=\"wpcf7-form-control-wrap\" data-name=\"your-phone\"><input size=\"40\" maxlength=\"400\" class=\"wpcf7-form-control wpcf7-text wpcf7-validates-as-required\" aria-required=\"true\" aria-invalid=\"false\" placeholder=\"Full Name*\" value=\"\" type=\"text\" name=\"your-phone\" \/><\/span>\n\t\t\t<\/p>\n\t\t<\/div>\n\t<\/div>\n\t<div class=\"row\">\n\t\t<div class=\"col-md-6\">\n\t\t\t<p><i class=\"ti-mobile\"><\/i><span class=\"wpcf7-form-control-wrap\" data-name=\"your-phone2\"><input size=\"40\" class=\"wpcf7-form-control wpcf7-phonetext wpcf7-validates-as-required wpcf7-text wpcf7-validates-as-phonetext\" aria-required=\"true\" aria-invalid=\"false\" placeholder=\"Telefon\" value=\"\" type=\"text\" name=\"your-phone2\" \/><input type=\"hidden\" name=\"your-phone2-country-code\" class=\"wpcf7-phonetext-country-code\" \/><\/span>\n\t\t\t<\/p>\n\t\t<\/div>\n\t\t<div class=\"col-md-6\">\n\t\t\t<p><i class=\"ti-email\"><\/i><span class=\"wpcf7-form-control-wrap\" data-name=\"your-email\"><input size=\"40\" maxlength=\"400\" class=\"wpcf7-form-control wpcf7-text wpcf7-validates-as-required\" aria-required=\"true\" aria-invalid=\"false\" placeholder=\"E-mail*\" value=\"\" type=\"text\" name=\"your-email\" \/><\/span>\n\t\t\t<\/p>\n\t\t<\/div>\n\t<\/div>\n\t<div class=\"row\">\n\t\t<div class=\"col-md-12\">\n\t\t\t<p><i class=\"ti-comment\"><\/i><span class=\"wpcf7-form-control-wrap\" data-name=\"your-message\"><textarea cols=\"40\" rows=\"3\" maxlength=\"2000\" class=\"wpcf7-form-control wpcf7-textarea wpcf7-validates-as-required\" aria-required=\"true\" aria-invalid=\"false\" placeholder=\"Message*\" name=\"your-message\"><\/textarea><\/span>\n\t\t\t<\/p>\n\t\t<\/div>\n\t<\/div>\n\t<div class=\"form-btn\">\n\t\t<p><input class=\"wpcf7-form-control wpcf7-submit has-spinner tm-vc_general tm-vc_btn3 tm-vc_btn3-style-flat tm-vc_btn3-shape-round tm-vc_btn3-color-skincolor\" type=\"submit\" value=\"SEND\" \/>\n\t\t<div class=\"wpcf7-response-output\" aria-hidden=\"true\"><\/div>\n\t<\/div>\n<\/div><p style=\"display: none !important;\" class=\"akismet-fields-container\" data-prefix=\"_wpcf7_ak_\"><label>&#916;<textarea name=\"_wpcf7_ak_hp_textarea\" cols=\"45\" rows=\"8\" maxlength=\"100\"><\/textarea><\/label><input type=\"hidden\" id=\"ak_js_1\" name=\"_wpcf7_ak_js\" value=\"82\"\/><script>document.getElementById( \"ak_js_1\" ).setAttribute( \"value\", ( new Date() ).getTime() );<\/script><\/p>\n<\/form>\n<\/div>\n[\/vc_column][\/vc_row][vc_row tm_bgimagefixed=&#8221;&#8221; full_width=&#8221;stretch_row_content_no_spaces&#8221; css=&#8221;.vc_custom_1610359144134{padding-top: 0px !important;padding-bottom: 0px !important;}&#8221;][vc_column][vc_gmaps link=&#8221;#E-8_JTNDaWZyYW1lJTIwc3JjJTNEJTIyaHR0cHMlM0ElMkYlMkZ3d3cuZ29vZ2xlLmNvbSUyRm1hcHMlMkZlbWJlZCUzRnBiJTNEJTIxMW0xNCUyMTFtOCUyMTFtMyUyMTFkMTIwNDYuMDY3Nzg5NjI2NzA4JTIxMmQyOC44MjcwNDQlMjEzZDQwLjk5MjA1NzIlMjEzbTIlMjExaTEwMjQlMjEyaTc2OCUyMTRmMTMuMSUyMTNtMyUyMTFtMiUyMTFzMHgxNGNhYmIyMzc5OTllNDAxJTI1M0EweDE5MDFiMGFiNWZmMGUxYjAlMjEyc0RvJTI1QzMlMjVBNy4lMjUyMERyLiUyNTIwTXVyYXQlMjUyMEtBTkxJJTI1QzMlMjU5NlolMjUyMC0lMjUyMEdlbmVsJTI1MjBDZXJyYWhpJTI1MjBVem1hbiUyNUM0JTI1QjElMjE1ZTAlMjEzbTIlMjExc3RyJTIxMnN0ciUyMTR2MTY4NjgyNDUxMjU5NyUyMTVtMiUyMTFzdHIlMjEyc3RyJTIyJTIwd2lkdGglM0QlMjI2MDAlMjIlMjBoZWlnaHQlM0QlMjI0NTAlMjIlMjBzdHlsZSUzRCUyMmJvcmRlciUzQTAlM0IlMjIlMjBhbGxvd2Z1bGxzY3JlZW4lM0QlMjIlMjIlMjBsb2FkaW5nJTNEJTIybGF6eSUyMiUyMHJlZmVycmVycG9saWN5JTNEJTIybm8tcmVmZXJyZXItd2hlbi1kb3duZ3JhZGUlMjIlM0UlM0MlMkZpZnJhbWUlM0U=&#8221; css=&#8221;.vc_custom_1686824523191{margin-bottom: 0px !important;}&#8221;][\/vc_column][\/vc_row]<\/p>\n","protected":false},"excerpt":{"rendered":"<p>[vc_row tm_bgimagefixed=&#8221;&#8221; break_in_responsive=&#8221;991&#8243; full_width=&#8221;stretch_row&#8221; css=&#8221;.vc_custom_1663876864033{padding-top: 90px !important;padding-right: 4% !important;padding-bottom: 60px !important;padding-left: 4% !important;}&#8221; tm_responsive_css=&#8221;23044759|colbreak_no|||||||||colbreak_no|||||40px||0px||colbreak_no||||||||||colbreak_no|||||||||&#8221;][vc_column reduce_extra_padding=&#8221;991&#8243; width=&#8221;5\/12&#8243; css=&#8221;.vc_custom_1610778418044{margin-top: -20px !important;padding-right: 50px !important;}&#8221; tm_responsive_css=&#8221;91144693|colbreak_no|||||||||colbreak_no|0px||||||20px||colbreak_no||||||||||colbreak_no|||||||||&#8221;][vc_separator color=&#8221;custom&#8221; accent_color=&#8221;rgba(0,0,0,0.07)&#8221; css=&#8221;.vc_custom_1610356416831{margin-bottom: 29px !important;}&#8221;][vc_separator color=&#8221;custom&#8221; accent_color=&#8221;rgba(0,0,0,0.07)&#8221; css=&#8221;.vc_custom_1610356416831{margin-bottom: 29px !important;}&#8221;][vc_separator color=&#8221;custom&#8221; accent_color=&#8221;rgba(0,0,0,0.07)&#8221; css=&#8221;.vc_custom_1610356416831{margin-bottom: 29px !important;}&#8221;][vc_row_inner disable_element=&#8221;yes&#8221;][vc_column_inner reduce_extra_padding=&#8221;991&#8243; css=&#8221;.vc_custom_1610356905326{padding-left: 95px !important;}&#8221;][\/vc_column_inner][\/vc_row_inner][\/vc_column][vc_column reduce_extra_padding=&#8221;991&#8243; width=&#8221;7\/12&#8243; css=&#8221;.vc_custom_1667842845390{padding-top: 45px !important;padding-right: 50px !important;padding-bottom: 50px !important;padding-left: 50px !important;background-color: #f6f6f6 !important;border-radius: &hellip; <a href=\"https:\/\/www.docdrmuratkanlioz.com\/en\/contact\" class=\"more-link\">Continue reading <span class=\"screen-reader-text\">Contact<\/span><\/a><\/p>\n","protected":false},"author":1,"featured_media":0,"parent":0,"menu_order":16,"comment_status":"closed","ping_status":"closed","template":"","meta":{"inline_featured_image":false,"footnotes":""},"class_list":["post-2522","page","type-page","status-publish","hentry"],"_links":{"self":[{"href":"https:\/\/www.docdrmuratkanlioz.com\/en\/wp-json\/wp\/v2\/pages\/2522","targetHints":{"allow":["GET"]}}],"collection":[{"href":"https:\/\/www.docdrmuratkanlioz.com\/en\/wp-json\/wp\/v2\/pages"}],"about":[{"href":"https:\/\/www.docdrmuratkanlioz.com\/en\/wp-json\/wp\/v2\/types\/page"}],"author":[{"embeddable":true,"href":"https:\/\/www.docdrmuratkanlioz.com\/en\/wp-json\/wp\/v2\/users\/1"}],"replies":[{"embeddable":true,"href":"https:\/\/www.docdrmuratkanlioz.com\/en\/wp-json\/wp\/v2\/comments?post=2522"}],"version-history":[{"count":40,"href":"https:\/\/www.docdrmuratkanlioz.com\/en\/wp-json\/wp\/v2\/pages\/2522\/revisions"}],"predecessor-version":[{"id":4139,"href":"https:\/\/www.docdrmuratkanlioz.com\/en\/wp-json\/wp\/v2\/pages\/2522\/revisions\/4139"}],"wp:attachment":[{"href":"https:\/\/www.docdrmuratkanlioz.com\/en\/wp-json\/wp\/v2\/media?parent=2522"}],"curies":[{"name":"wp","href":"https:\/\/api.w.org\/{rel}","templated":true}]}}